
{"id":2381,"date":"2024-04-01T21:45:23","date_gmt":"2024-04-01T19:45:23","guid":{"rendered":"https:\/\/atoutdroneidf.com\/WP_elementor\/?page_id=2381"},"modified":"2025-03-10T12:19:37","modified_gmt":"2025-03-10T11:19:37","slug":"qui-sommes-nous","status":"publish","type":"page","link":"https:\/\/atoutdroneidf.com\/WP_elementor\/qui-sommes-nous\/","title":{"rendered":"Qui sommes-nous ?"},"content":{"rendered":"\t\t<div data-elementor-type=\"wp-page\" data-elementor-id=\"2381\" class=\"elementor elementor-2381\">\n\t\t\t\t<div class=\"elementor-element elementor-element-5181c85 e-flex e-con-boxed e-con e-parent\" data-id=\"5181c85\" data-element_type=\"container\">\n\t\t\t\t\t<div class=\"e-con-inner\">\n\t\t\t\t<div class=\"elementor-element elementor-element-c9396d9 elementor-widget__width-initial elementor-widget elementor-widget-text-editor\" data-id=\"c9396d9\" data-element_type=\"widget\" data-widget_type=\"text-editor.default\">\n\t\t\t\t<div class=\"elementor-widget-container\">\n\t\t\t\t\t\t\t\t\t<p>Passionn\u00e9 de <strong>vid\u00e9o<\/strong> et de <strong>drone<\/strong> ,avec plus de <strong>450 vols depuis 2020<\/strong> , je me suis form\u00e9 et ai obtenu le CATT ( <strong>Certificat d&rsquo;Aptitude Th\u00e9orique au T\u00e9l\u00e9pilotage<\/strong> ) et suivi la formation pratique en 2022 (&nbsp;<strong>Certification RS5235<\/strong> T\u00e9l\u00e9pilotage de drones \u00e0 usage professionnel en <strong>audiovisuel et missions techniques<\/strong>) . J&rsquo;ai ensuite d\u00e9clar\u00e9 mon <strong>activit\u00e9 d&rsquo;exploitant en 2023<\/strong> me permettant des r\u00e9aliser des <strong>vols de type professionnel<\/strong> en sc\u00e9narios sp\u00e9cifiques fran\u00e7ais ( sc\u00e9nario <strong>S1<\/strong> hors zones peupl\u00e9es , <strong>S2<\/strong> drone hors vue du pilote , <strong>S3<\/strong> en agglom\u00e9ration et lors d&rsquo;\u00e9v\u00e9nements ).<\/p>\n<p><span style=\"font-size: inherit; text-align: inherit; background-color: var(--theme-palette-color-7); color: var(--theme-text-color); font-family: var(--theme-font-family); font-style: var(--theme-font-style, inherit); font-weight: var(--theme-font-weight); letter-spacing: var(--theme-letter-spacing); text-transform: var(--theme-text-transform);\">J&rsquo;ai compl\u00e9t\u00e9 ma formation avec la <\/span><span style=\"font-size: inherit; text-align: inherit; background-color: var(--theme-palette-color-7); color: var(--theme-text-color); font-family: var(--theme-font-family); font-style: var(--theme-font-style, inherit); letter-spacing: var(--theme-letter-spacing); text-transform: var(--theme-text-transform);\"><b>photogramm\u00e9trie <\/b><\/span><span style=\"font-size: inherit; text-align: inherit; background-color: var(--theme-palette-color-7); color: var(--theme-text-color); font-family: var(--theme-font-family); font-style: var(--theme-font-style, inherit); font-weight: var(--theme-font-weight); letter-spacing: var(--theme-letter-spacing); text-transform: var(--theme-text-transform);\">et la <\/span><strong style=\"font-size: inherit; text-align: inherit; background-color: var(--theme-palette-color-7); color: var(--theme-text-color); font-family: var(--theme-font-family); font-style: var(--theme-font-style, inherit); letter-spacing: var(--theme-letter-spacing); text-transform: var(--theme-text-transform);\">certification Dronedifice&nbsp;<\/strong><span style=\"font-size: inherit; text-align: var(--text-align); color: var(--theme-text-color); font-family: var(--theme-font-family); font-style: var(--theme-font-style, inherit); font-weight: var(--theme-font-weight); letter-spacing: var(--theme-letter-spacing); text-transform: var(--theme-text-transform); background-color: var(--theme-palette-color-7);\"><b>RS5523&nbsp;<\/b><\/span><span style=\"font-size: inherit; text-align: inherit; color: var(--theme-text-color); font-family: var(--theme-font-family); font-style: var(--theme-font-style, inherit); font-weight: var(--theme-font-weight); letter-spacing: var(--theme-letter-spacing); text-transform: var(--theme-text-transform); background-color: var(--theme-palette-color-7);\">( exploitation d&rsquo;un drone&nbsp; dans le secteur de la <strong>promotion<\/strong> et la<strong> vente immobili\u00e8re<\/strong> )&nbsp; &nbsp;&nbsp;<\/span><\/p>\n<p><span style=\"font-size: inherit; text-align: inherit; color: var(--theme-text-color); font-family: var(--theme-font-family); font-style: var(--theme-font-style, inherit); font-weight: var(--theme-font-weight); letter-spacing: var(--theme-letter-spacing); text-transform: var(--theme-text-transform); background-color: var(--theme-palette-color-7);\">Mon manuel d&rsquo;exploitation d\u00e9crit toutes les <\/span><span style=\"font-size: inherit; text-align: inherit; color: var(--theme-text-color); font-family: var(--theme-font-family); font-style: var(--theme-font-style, inherit); letter-spacing: var(--theme-letter-spacing); text-transform: var(--theme-text-transform); background-color: var(--theme-palette-color-7);\"><b>proc\u00e9dures <\/b><\/span><span style=\"font-size: inherit; text-align: inherit; color: var(--theme-text-color); font-family: var(--theme-font-family); font-style: var(--theme-font-style, inherit); font-weight: var(--theme-font-weight); letter-spacing: var(--theme-letter-spacing); text-transform: var(--theme-text-transform); background-color: var(--theme-palette-color-7);\">de pr\u00e9paration , de <\/span><span style=\"font-size: inherit; text-align: inherit; color: var(--theme-text-color); font-family: var(--theme-font-family); font-style: var(--theme-font-style, inherit); letter-spacing: var(--theme-letter-spacing); text-transform: var(--theme-text-transform); background-color: var(--theme-palette-color-7);\"><b>conduite de vol<\/b><\/span><span style=\"font-size: inherit; text-align: inherit; color: var(--theme-text-color); font-family: var(--theme-font-family); font-style: var(--theme-font-style, inherit); font-weight: var(--theme-font-weight); letter-spacing: var(--theme-letter-spacing); text-transform: var(--theme-text-transform); background-color: var(--theme-palette-color-7);\"> et de <\/span><span style=\"font-size: inherit; text-align: inherit; color: var(--theme-text-color); font-family: var(--theme-font-family); font-style: var(--theme-font-style, inherit); letter-spacing: var(--theme-letter-spacing); text-transform: var(--theme-text-transform); background-color: var(--theme-palette-color-7);\"><b>gestion d&rsquo;incidents<\/b><\/span><span style=\"font-size: inherit; text-align: inherit; color: var(--theme-text-color); font-family: var(--theme-font-family); font-style: var(--theme-font-style, inherit); font-weight: var(--theme-font-weight); letter-spacing: var(--theme-letter-spacing); text-transform: var(--theme-text-transform); background-color: var(--theme-palette-color-7);\">.<\/span><\/p>\n<p><span style=\"font-size: inherit; text-align: inherit; color: var(--theme-text-color); font-family: var(--theme-font-family); font-style: var(--theme-font-style, inherit); letter-spacing: var(--theme-letter-spacing); text-transform: var(--theme-text-transform); background-color: var(--theme-palette-color-7);\"><span style=\"font-weight: var(--theme-font-weight);\">L&rsquo;entreprise est bas\u00e9e \u00e0 <\/span><strong>gif-sur-yvette<\/strong> et le secteur d&rsquo;intervention comprend les communes aux alentours ( notamment Bures , Orsay , Saint-remy-les-chevreuse, Gometz-la-ville, Gometz-le chatel , Limours , Saclay ) , globalement dans un rayon d&rsquo;<b>environ 20 Kms autour de gif-sur-yvette, <\/b>dans les d\u00e9partements de Hauts-de-seine&nbsp;<b>(92) , <\/b>l&rsquo;Essonne <b>(91) <\/b>et les Yvelines <b>(78).<\/b>.<\/span><\/p>\t\t\t\t\t\t\t\t<\/div>\n\t\t\t\t<\/div>\n\t\t\t\t<div class=\"elementor-element elementor-element-bb270af elementor-widget elementor-widget-image\" data-id=\"bb270af\" data-element_type=\"widget\" data-widget_type=\"image.default\">\n\t\t\t\t<div class=\"elementor-widget-container\">\n\t\t\t\t\t\t\t\t\t\t\t\t\t\t\t<img fetchpriority=\"high\" decoding=\"async\" width=\"224\" height=\"616\" src=\"https:\/\/atoutdroneidf.com\/WP_elementor\/wp-content\/uploads\/2025\/03\/image-detourree.jpg\" class=\"attachment-full size-full wp-image-3096\" alt=\"\" srcset=\"https:\/\/atoutdroneidf.com\/WP_elementor\/wp-content\/uploads\/2025\/03\/image-detourree.jpg 224w, https:\/\/atoutdroneidf.com\/WP_elementor\/wp-content\/uploads\/2025\/03\/image-detourree-109x300.jpg 109w\" sizes=\"(max-width: 224px) 100vw, 224px\" \/>\t\t\t\t\t\t\t\t\t\t\t\t\t\t\t<\/div>\n\t\t\t\t<\/div>\n\t\t\t\t\t<\/div>\n\t\t\t\t<\/div>\n\t\t<div class=\"elementor-element elementor-element-2ce0367 e-flex e-con-boxed e-con e-parent\" data-id=\"2ce0367\" data-element_type=\"container\">\n\t\t\t\t\t<div class=\"e-con-inner\">\n\t\t<div class=\"elementor-element elementor-element-1f81027 e-con-full e-flex e-con e-child\" data-id=\"1f81027\" data-element_type=\"container\">\n\t\t\t\t<div class=\"elementor-element elementor-element-8bd850c elementor-widget elementor-widget-image\" data-id=\"8bd850c\" data-element_type=\"widget\" data-widget_type=\"image.default\">\n\t\t\t\t<div class=\"elementor-widget-container\">\n\t\t\t\t\t\t\t\t\t\t\t\t\t\t\t<img decoding=\"async\" width=\"1024\" height=\"576\" src=\"https:\/\/atoutdroneidf.com\/WP_elementor\/wp-content\/uploads\/2024\/04\/20230810_101608_plaque_masquee-1024x576.jpg\" class=\"attachment-large size-large wp-image-2421\" alt=\"\" srcset=\"https:\/\/atoutdroneidf.com\/WP_elementor\/wp-content\/uploads\/2024\/04\/20230810_101608_plaque_masquee-1024x576.jpg 1024w, https:\/\/atoutdroneidf.com\/WP_elementor\/wp-content\/uploads\/2024\/04\/20230810_101608_plaque_masquee-300x169.jpg 300w, https:\/\/atoutdroneidf.com\/WP_elementor\/wp-content\/uploads\/2024\/04\/20230810_101608_plaque_masquee-768x432.jpg 768w, https:\/\/atoutdroneidf.com\/WP_elementor\/wp-content\/uploads\/2024\/04\/20230810_101608_plaque_masquee-1536x864.jpg 1536w, https:\/\/atoutdroneidf.com\/WP_elementor\/wp-content\/uploads\/2024\/04\/20230810_101608_plaque_masquee-2048x1153.jpg 2048w\" sizes=\"(max-width: 1024px) 100vw, 1024px\" \/>\t\t\t\t\t\t\t\t\t\t\t\t\t\t\t<\/div>\n\t\t\t\t<\/div>\n\t\t\t\t<\/div>\n\t\t<div class=\"elementor-element elementor-element-522cd4c e-con-full e-flex e-con e-child\" data-id=\"522cd4c\" data-element_type=\"container\">\n\t\t\t\t<div class=\"elementor-element elementor-element-3aa3e86 elementor-widget elementor-widget-text-editor\" data-id=\"3aa3e86\" data-element_type=\"widget\" data-widget_type=\"text-editor.default\">\n\t\t\t\t<div class=\"elementor-widget-container\">\n\t\t\t\t\t\t\t\t\t<p>Ma priorit\u00e9 est la production d&rsquo;<b>images de qualit\u00e9<\/b> r\u00e9pondant aux <b>exigences du client<\/b> , tout en attachant une grande importance \u00e0 la s\u00e9curit\u00e9 et \u00e0 la r\u00e9glementation.<\/p>\t\t\t\t\t\t\t\t<\/div>\n\t\t\t\t<\/div>\n\t\t\t\t<\/div>\n\t\t<div class=\"elementor-element elementor-element-d825812 e-con-full e-flex e-con e-child\" data-id=\"d825812\" data-element_type=\"container\">\n\t\t\t\t<div class=\"elementor-element elementor-element-602387a elementor-widget elementor-widget-image\" data-id=\"602387a\" data-element_type=\"widget\" data-widget_type=\"image.default\">\n\t\t\t\t<div class=\"elementor-widget-container\">\n\t\t\t\t\t\t\t\t\t\t\t\t\t\t\t<img decoding=\"async\" width=\"832\" height=\"1024\" src=\"https:\/\/atoutdroneidf.com\/WP_elementor\/wp-content\/uploads\/2024\/04\/20240402_150318_recadre-832x1024.jpg\" class=\"attachment-large size-large wp-image-2455\" alt=\"\" srcset=\"https:\/\/atoutdroneidf.com\/WP_elementor\/wp-content\/uploads\/2024\/04\/20240402_150318_recadre-832x1024.jpg 832w, https:\/\/atoutdroneidf.com\/WP_elementor\/wp-content\/uploads\/2024\/04\/20240402_150318_recadre-244x300.jpg 244w, https:\/\/atoutdroneidf.com\/WP_elementor\/wp-content\/uploads\/2024\/04\/20240402_150318_recadre-768x945.jpg 768w, https:\/\/atoutdroneidf.com\/WP_elementor\/wp-content\/uploads\/2024\/04\/20240402_150318_recadre-1248x1536.jpg 1248w, https:\/\/atoutdroneidf.com\/WP_elementor\/wp-content\/uploads\/2024\/04\/20240402_150318_recadre-1664x2048.jpg 1664w, https:\/\/atoutdroneidf.com\/WP_elementor\/wp-content\/uploads\/2024\/04\/20240402_150318_recadre.jpg 1831w\" sizes=\"(max-width: 832px) 100vw, 832px\" \/>\t\t\t\t\t\t\t\t\t\t\t\t\t\t\t<\/div>\n\t\t\t\t<\/div>\n\t\t\t\t<\/div>\n\t\t\t\t\t<\/div>\n\t\t\t\t<\/div>\n\t\t<div class=\"elementor-element elementor-element-67ec99a e-flex e-con-boxed e-con e-parent\" data-id=\"67ec99a\" data-element_type=\"container\">\n\t\t\t\t\t<div class=\"e-con-inner\">\n\t\t<div class=\"elementor-element elementor-element-a1ddfae e-con-full e-flex e-con e-child\" data-id=\"a1ddfae\" data-element_type=\"container\">\n\t\t\t\t<div class=\"elementor-element elementor-element-83a32b0 elementor-widget elementor-widget-image\" data-id=\"83a32b0\" data-element_type=\"widget\" data-widget_type=\"image.default\">\n\t\t\t\t<div class=\"elementor-widget-container\">\n\t\t\t\t\t\t\t\t\t\t\t\t\t\t\t\t<a href=\"https:\/\/formation-dronedifice.fr\/certification\/\" target=\"_blank\">\n\t\t\t\t\t\t\t<img loading=\"lazy\" decoding=\"async\" width=\"161\" height=\"162\" src=\"https:\/\/atoutdroneidf.com\/WP_elementor\/wp-content\/uploads\/2024\/03\/dronedifice.jpeg\" class=\"attachment-large size-large wp-image-2346\" alt=\"pilote certifi\u00e9 dronedifice t\u00e9l\u00e9pilotage de drone en Immobilier\" srcset=\"https:\/\/atoutdroneidf.com\/WP_elementor\/wp-content\/uploads\/2024\/03\/dronedifice.jpeg 161w, https:\/\/atoutdroneidf.com\/WP_elementor\/wp-content\/uploads\/2024\/03\/dronedifice-150x150.jpeg 150w\" sizes=\"(max-width: 161px) 100vw, 161px\" \/>\t\t\t\t\t\t\t\t<\/a>\n\t\t\t\t\t\t\t\t\t\t\t\t\t\t\t<\/div>\n\t\t\t\t<\/div>\n\t\t\t\t<\/div>\n\t\t<div class=\"elementor-element elementor-element-07036b8 e-con-full e-flex e-con e-child\" data-id=\"07036b8\" data-element_type=\"container\">\n\t\t\t\t<div class=\"elementor-element elementor-element-6392ff4 elementor-widget__width-initial elementor-widget elementor-widget-text-editor\" data-id=\"6392ff4\" data-element_type=\"widget\" data-widget_type=\"text-editor.default\">\n\t\t\t\t<div class=\"elementor-widget-container\">\n\t\t\t\t\t\t\t\t\t<p><a href=\"https:\/\/formation-dronedifice.fr\/annuaire\/\" target=\"_blank\" rel=\"noopener\">Certification DE02300226 \u00a0<\/a><a href=\"https:\/\/formation-dronedifice.fr\/annuaire\/\"> ( <span style=\"font-size: inherit; text-align: inherit; color: var(--theme-text-color); font-family: var(--theme-font-family); font-style: var(--theme-font-style, inherit); font-weight: var(--theme-font-weight); letter-spacing: var(--theme-letter-spacing); text-transform: var(--theme-text-transform); background-color: var(--theme-palette-color-7);\">exploitation d&rsquo;un drone\u00a0 dans le secteur de la <strong>promotion<\/strong> et la<strong> vente immobili\u00e8re )<\/strong><\/span><\/a><\/p>\t\t\t\t\t\t\t\t<\/div>\n\t\t\t\t<\/div>\n\t\t\t\t<\/div>\n\t\t\t\t\t<\/div>\n\t\t\t\t<\/div>\n\t\t<div class=\"elementor-element elementor-element-0933ea2 e-flex e-con-boxed e-con e-parent\" data-id=\"0933ea2\" data-element_type=\"container\">\n\t\t\t\t\t<div class=\"e-con-inner\">\n\t\t\t\t<div class=\"elementor-element elementor-element-bfb7f0a elementor-widget elementor-widget-text-editor\" data-id=\"bfb7f0a\" data-element_type=\"widget\" data-widget_type=\"text-editor.default\">\n\t\t\t\t<div class=\"elementor-widget-container\">\n\t\t\t\t\t\t\t\t\t<p>Liens partenaires :<\/p><p>L&rsquo;annuaire digital des experts en\u00a0 num\u00e9rique ( <a href=\"https:\/\/www.jesuisnumerique.fr\">https:\/\/www.jesuisnumerique.fr )<\/a><\/p><p>L&rsquo;annuaire des professionnels du drone ( \u00a0<a href=\"https:\/\/www.annuairedrone.fr\/\">https:\/\/www.annuairedrone.fr\/ )<\/a><\/p><p>L&rsquo;annuaire gratuit des meilleurs freelance\u00a0<a href=\"https:\/\/www.jeveuxunfreelance.fr\" target=\"_blank\" rel=\"noopener\">https:\/\/www.jeveuxunfreelance.fr<\/a><\/p><p>L&rsquo;annuaire des pilotes de drone , photographes , cam\u00e9raman et techniciens\u00a0 ( <a href=\"https:\/\/www.drone-malin.com\/pages\/qui-sommes-nous\/pilotes-drone\/pilote-drone-gif-sur-yvette-essonne.html\">https:\/\/www.drone-malin.com\/pages\/qui-sommes-nous\/pilotes-drone\/pilote-drone-gif-sur-yvette-essonne.html )<\/a><\/p><p>\u00a0DroneAndView \u2013 Marketplace de pilotes de drone et photographes\u00a0\u00a0<a href=\"https:\/\/www.droneandview.com\/\">https:\/\/www.droneandview.com\/<\/a><\/p><p>\u00a0<\/p>\t\t\t\t\t\t\t\t<\/div>\n\t\t\t\t<\/div>\n\t\t\t\t\t<\/div>\n\t\t\t\t<\/div>\n\t\t\t\t<\/div>\n\t\t","protected":false},"excerpt":{"rendered":"<p>Passionn\u00e9 de vid\u00e9o et de drone ,avec plus de 450 vols depuis 2020 , je me suis form\u00e9 et ai obtenu le CATT ( Certificat d&rsquo;Aptitude Th\u00e9orique au T\u00e9l\u00e9pilotage ) et suivi la formation pratique en 2022 (&nbsp;Certification RS5235 T\u00e9l\u00e9pilotage de drones \u00e0 usage professionnel en audiovisuel et missions techniques) . J&rsquo;ai ensuite d\u00e9clar\u00e9 mon [&hellip;]<\/p>\n","protected":false},"author":1,"featured_media":0,"parent":0,"menu_order":0,"comment_status":"closed","ping_status":"closed","template":"","meta":{"_seopress_robots_primary_cat":"","_seopress_titles_title":"pilote de drone gif-sur-yvette","_seopress_titles_desc":"photographe a\u00e9rien principalement en vall\u00e9e de chevreuse, essonne et yvelines  %%post_excerpt%% %%post_excerpt%% %%post_excerpt%%","_seopress_robots_index":"","footnotes":""},"blocksy_meta":[],"_links":{"self":[{"href":"https:\/\/atoutdroneidf.com\/WP_elementor\/wp-json\/wp\/v2\/pages\/2381"}],"collection":[{"href":"https:\/\/atoutdroneidf.com\/WP_elementor\/wp-json\/wp\/v2\/pages"}],"about":[{"href":"https:\/\/atoutdroneidf.com\/WP_elementor\/wp-json\/wp\/v2\/types\/page"}],"author":[{"embeddable":true,"href":"https:\/\/atoutdroneidf.com\/WP_elementor\/wp-json\/wp\/v2\/users\/1"}],"replies":[{"embeddable":true,"href":"https:\/\/atoutdroneidf.com\/WP_elementor\/wp-json\/wp\/v2\/comments?post=2381"}],"version-history":[{"count":134,"href":"https:\/\/atoutdroneidf.com\/WP_elementor\/wp-json\/wp\/v2\/pages\/2381\/revisions"}],"predecessor-version":[{"id":3100,"href":"https:\/\/atoutdroneidf.com\/WP_elementor\/wp-json\/wp\/v2\/pages\/2381\/revisions\/3100"}],"wp:attachment":[{"href":"https:\/\/atoutdroneidf.com\/WP_elementor\/wp-json\/wp\/v2\/media?parent=2381"}],"curies":[{"name":"wp","href":"https:\/\/api.w.org\/{rel}","templated":true}]}}