
{"id":2031,"date":"2024-03-02T20:08:01","date_gmt":"2024-03-02T19:08:01","guid":{"rendered":"https:\/\/atoutdroneidf.com\/WP_elementor\/?page_id=2031"},"modified":"2024-08-06T22:27:45","modified_gmt":"2024-08-06T20:27:45","slug":"tarifs-et-preparation-de-missions","status":"publish","type":"page","link":"https:\/\/atoutdroneidf.com\/WP_elementor\/tarifs-et-preparation-de-missions\/","title":{"rendered":"Tarifs et pr\u00e9paration de missions"},"content":{"rendered":"\t\t<div data-elementor-type=\"wp-page\" data-elementor-id=\"2031\" class=\"elementor elementor-2031\">\n\t\t\t\t<div class=\"elementor-element elementor-element-90f6b21 e-flex e-con-boxed e-con e-parent\" data-id=\"90f6b21\" data-element_type=\"container\">\n\t\t\t\t\t<div class=\"e-con-inner\">\n\t\t\t\t\t<\/div>\n\t\t\t\t<\/div>\n\t\t<div class=\"elementor-element elementor-element-8d9adbf e-con-full e-flex e-con e-parent\" data-id=\"8d9adbf\" data-element_type=\"container\">\n\t\t<div class=\"elementor-element elementor-element-7325d57 e-con-full e-flex e-con e-child\" data-id=\"7325d57\" data-element_type=\"container\">\n\t\t\t\t<div class=\"elementor-element elementor-element-b45dcd8 elementor-align-center elementor-widget elementor-widget-button\" data-id=\"b45dcd8\" data-element_type=\"widget\" data-widget_type=\"button.default\">\n\t\t\t\t<div class=\"elementor-widget-container\">\n\t\t\t\t\t\t\t\t\t<div class=\"elementor-button-wrapper\">\n\t\t\t\t\t<a class=\"elementor-button elementor-button-link elementor-size-sm\" href=\"https:\/\/atoutdroneidf.com\/WP_elementor\/Home\/#ApercuTarifs\">\n\t\t\t\t\t\t<span class=\"elementor-button-content-wrapper\">\n\t\t\t\t\t\t\t\t\t<span class=\"elementor-button-text\">Apercu des tarifs<\/span>\n\t\t\t\t\t<\/span>\n\t\t\t\t\t<\/a>\n\t\t\t\t<\/div>\n\t\t\t\t\t\t\t\t<\/div>\n\t\t\t\t<\/div>\n\t\t\t\t<\/div>\n\t\t\t\t<\/div>\n\t\t<div class=\"elementor-element elementor-element-ec87ac5 e-con-full e-flex e-con e-parent\" data-id=\"ec87ac5\" data-element_type=\"container\">\n\t\t\t\t<div class=\"elementor-element elementor-element-e598ecf elementor-align-center elementor-widget__width-initial elementor-widget elementor-widget-button\" data-id=\"e598ecf\" data-element_type=\"widget\" data-widget_type=\"button.default\">\n\t\t\t\t<div class=\"elementor-widget-container\">\n\t\t\t\t\t\t\t\t\t<div class=\"elementor-button-wrapper\">\n\t\t\t\t\t<a class=\"elementor-button elementor-button-link elementor-size-sm\" href=\"https:\/\/atoutdroneidf.com\/WP_elementor\/contact\/#devis\">\n\t\t\t\t\t\t<span class=\"elementor-button-content-wrapper\">\n\t\t\t\t\t\t\t\t\t<span class=\"elementor-button-text\">Obtenir un devis<\/span>\n\t\t\t\t\t<\/span>\n\t\t\t\t\t<\/a>\n\t\t\t\t<\/div>\n\t\t\t\t\t\t\t\t<\/div>\n\t\t\t\t<\/div>\n\t\t\t\t<div class=\"elementor-element elementor-element-8403b45 elementor-widget elementor-widget-menu-anchor\" data-id=\"8403b45\" data-element_type=\"widget\" data-widget_type=\"menu-anchor.default\">\n\t\t\t\t<div class=\"elementor-widget-container\">\n\t\t\t\t\t\t\t<div class=\"elementor-menu-anchor\" id=\"informations_tarifs\"><\/div>\n\t\t\t\t\t\t<\/div>\n\t\t\t\t<\/div>\n\t\t\t\t<\/div>\n\t\t<div class=\"elementor-element elementor-element-d0776f0 e-flex e-con-boxed e-con e-parent\" data-id=\"d0776f0\" data-element_type=\"container\">\n\t\t\t\t\t<div class=\"e-con-inner\">\n\t\t\t\t<div class=\"elementor-element elementor-element-51e4672 elementor-widget elementor-widget-text-editor\" data-id=\"51e4672\" data-element_type=\"widget\" data-widget_type=\"text-editor.default\">\n\t\t\t\t<div class=\"elementor-widget-container\">\n\t\t\t\t\t\t\t\t\t<h2>Comment est calcul\u00e9 le prix d&rsquo;une prestation drone ?<\/h2>\t\t\t\t\t\t\t\t<\/div>\n\t\t\t\t<\/div>\n\t\t\t\t\t<\/div>\n\t\t\t\t<\/div>\n\t\t<div class=\"elementor-element elementor-element-e719597 e-con-full e-flex e-con e-parent\" data-id=\"e719597\" data-element_type=\"container\">\n\t\t\t\t<div class=\"elementor-element elementor-element-26b552f elementor-widget elementor-widget-text-editor\" data-id=\"26b552f\" data-element_type=\"widget\" data-widget_type=\"text-editor.default\">\n\t\t\t\t<div class=\"elementor-widget-container\">\n\t\t\t\t\t\t\t\t\t<p>Le tarif des prestations sera d\u00e9fini pour chaque mission sur devis . Il est d\u00e9pendant de nombreux facteurs:<\/p>\t\t\t\t\t\t\t\t<\/div>\n\t\t\t\t<\/div>\n\t\t\t\t<\/div>\n\t\t<div class=\"elementor-element elementor-element-231e521 e-con-full e-flex e-con e-parent\" data-id=\"231e521\" data-element_type=\"container\">\n\t\t\t\t<div class=\"elementor-element elementor-element-a70ede0 elementor-widget elementor-widget-text-editor\" data-id=\"a70ede0\" data-element_type=\"widget\" data-widget_type=\"text-editor.default\">\n\t\t\t\t<div class=\"elementor-widget-container\">\n\t\t\t\t\t\t\t\t\t<ul><li><span style=\"color: var(--theme-text-color); font-family: var(--theme-font-family); font-size: inherit; font-style: var(--theme-font-style, inherit); font-weight: var(--theme-font-weight); letter-spacing: var(--theme-letter-spacing); text-align: inherit; text-transform: var(--theme-text-transform); background-color: var(--theme-palette-color-7);\">le\u00a0<\/span><span style=\"font-family: var(--theme-font-family); font-size: inherit; font-style: var(--theme-font-style, inherit); font-weight: var(--theme-font-weight); letter-spacing: var(--theme-letter-spacing); text-align: inherit; text-transform: var(--theme-text-transform); background-color: var(--theme-palette-color-7); color: #808000;\"><strong>type de prise de vue\u00a0<\/strong><\/span><span style=\"color: var(--theme-text-color); font-family: var(--theme-font-family); font-size: inherit; font-style: var(--theme-font-style, inherit); font-weight: var(--theme-font-weight); letter-spacing: var(--theme-letter-spacing); text-align: inherit; text-transform: var(--theme-text-transform); background-color: var(--theme-palette-color-7);\">\u00a0\u00e0 effectuer : les plans simples en photo sur un espace d\u00e9gag\u00e9 n\u00e9cessitent moins de temps que les plans vid\u00e9os qui imposent un pilotage plus complexe , \u00e0 fortiori s&rsquo;il y a beaucoup d&rsquo;obstacles sur le site\u00a0<\/span><\/li><\/ul>\t\t\t\t\t\t\t\t<\/div>\n\t\t\t\t<\/div>\n\t\t\t\t<div class=\"elementor-element elementor-element-97105cb elementor-widget elementor-widget-text-editor\" data-id=\"97105cb\" data-element_type=\"widget\" data-widget_type=\"text-editor.default\">\n\t\t\t\t<div class=\"elementor-widget-container\">\n\t\t\t\t\t\t\t\t\t<ul><li><span style=\"font-size: inherit; text-align: inherit; color: var(--theme-text-color); font-family: var(--theme-font-family); font-style: var(--theme-font-style, inherit); font-weight: var(--theme-font-weight); letter-spacing: var(--theme-letter-spacing); text-transform: var(--theme-text-transform);\">\u00a0la <strong><span style=\"color: #808000;\">localisation<\/span><\/strong> du lieu du vol qui va conditionner la pr\u00e9paration de la mission\u00a0<\/span><ul><li><span style=\"white-space: normal;\">les vols en <span style=\"color: #808000;\"><strong>agglom\u00e9ration<\/strong><\/span> n\u00e9cessitent des autorisations aupr\u00e8s de la pr\u00e9fecture<\/span><\/li><li>\u00a0la proximit\u00e9 des <span style=\"color: #808000;\"><strong>a\u00e9roports<\/strong><\/span> n\u00e9cessite d&rsquo;\u00e9tablir d&rsquo;\u00e9tablir des <strong><span style=\"color: #808000;\">protocoles, parfois payants<\/span><\/strong> avec les organismes de contr\u00f4le et parfois une <span style=\"color: #808000;\"><strong>d\u00e9claration des vols<\/strong><\/span> et une coordination avec l&rsquo;a\u00e9roport lors de chaque vol. Les cartes a\u00e9riennes ci-dessous et les applications indiquent les zones rouges r\u00e9glement\u00e9es , dangereuses ou interdites .<\/li><\/ul><\/li><\/ul>\t\t\t\t\t\t\t\t<\/div>\n\t\t\t\t<\/div>\n\t\t\t\t<\/div>\n\t\t<div class=\"elementor-element elementor-element-aee964a e-flex e-con-boxed e-con e-parent\" data-id=\"aee964a\" data-element_type=\"container\">\n\t\t\t\t\t<div class=\"e-con-inner\">\n\t\t\t\t<div class=\"elementor-element elementor-element-5ab5c77 elementor-widget elementor-widget-image-gallery\" data-id=\"5ab5c77\" data-element_type=\"widget\" data-widget_type=\"image-gallery.default\">\n\t\t\t\t<div class=\"elementor-widget-container\">\n\t\t\t\t\t\t\t<div class=\"elementor-image-gallery\">\n\t\t\t<div id='gallery-1' class='gallery galleryid-2031 gallery-columns-4 gallery-size-medium_large'><figure class='gallery-item'>\n\t\t\t<div class='gallery-icon landscape'>\n\t\t\t\t<a data-elementor-open-lightbox=\"yes\" data-elementor-lightbox-slideshow=\"5ab5c77\" data-elementor-lightbox-title=\"cate aero\" data-elementor-lightbox-description=\"Carte OACI drone\" data-e-action-hash=\"#elementor-action%3Aaction%3Dlightbox%26settings%3DeyJpZCI6MjA5MiwidXJsIjoiaHR0cHM6XC9cL2F0b3V0ZHJvbmVpZGYuY29tXC9XUF9lbGVtZW50b3JcL3dwLWNvbnRlbnRcL3VwbG9hZHNcLzIwMjRcLzAzXC9jYXRlLWFlcm8ucG5nIiwic2xpZGVzaG93IjoiNWFiNWM3NyJ9\" href='https:\/\/atoutdroneidf.com\/WP_elementor\/wp-content\/uploads\/2024\/03\/cate-aero.png'><img fetchpriority=\"high\" decoding=\"async\" width=\"768\" height=\"460\" src=\"https:\/\/atoutdroneidf.com\/WP_elementor\/wp-content\/uploads\/2024\/03\/cate-aero-768x460.png\" class=\"attachment-medium_large size-medium_large\" alt=\"\" srcset=\"https:\/\/atoutdroneidf.com\/WP_elementor\/wp-content\/uploads\/2024\/03\/cate-aero-768x460.png 768w, https:\/\/atoutdroneidf.com\/WP_elementor\/wp-content\/uploads\/2024\/03\/cate-aero-300x180.png 300w, https:\/\/atoutdroneidf.com\/WP_elementor\/wp-content\/uploads\/2024\/03\/cate-aero.png 922w\" sizes=\"(max-width: 768px) 100vw, 768px\" \/><\/a>\n\t\t\t<\/div><\/figure>\n\t\t<\/div>\n\t\t<\/div>\n\t\t\t\t\t\t<\/div>\n\t\t\t\t<\/div>\n\t\t\t\t\t<\/div>\n\t\t\t\t<\/div>\n\t\t<div class=\"elementor-element elementor-element-aef3eba e-con-full e-flex e-con e-parent\" data-id=\"aef3eba\" data-element_type=\"container\">\n\t\t\t\t<div class=\"elementor-element elementor-element-201aeea elementor-widget elementor-widget-text-editor\" data-id=\"201aeea\" data-element_type=\"widget\" data-widget_type=\"text-editor.default\">\n\t\t\t\t<div class=\"elementor-widget-container\">\n\t\t\t\t\t\t\t\t\t<ul><li>\u00a0la <span style=\"color: #808000;\"><strong>configuration<\/strong><\/span> du site<ul><li>en agglom\u00e9ration lorsque le p\u00e9rim\u00e8tre de s\u00e9curit\u00e9 empi\u00e8te sur la voie publique , il est parfois n\u00e9cessaire d&rsquo;obtenir une <span style=\"color: #808000;\"><strong>autorisation d&rsquo;occupation de territoire (AOT)<\/strong><\/span> qui peut \u00eatre payante et sera factur\u00e9e au client si la commune fait payer les <strong>AOT<\/strong><\/li><li>suivant la localisation du vol , celui-ci peut n\u00e9cessiter la mise en place d&rsquo;un p\u00e9rim\u00e8tre de s\u00e9curit\u00e9 complexe , n\u00e9cessitant potentiellement un <strong><span style=\"color: #808000;\">assistant<\/span><\/strong>\u00a0 \u00a0\u00a0<\/li><\/ul><\/li><li>\u00a0le <span style=\"color: #808000;\"><strong>post traitement<\/strong><\/span> \u00e9ventuellement n\u00e9cessaire ou demand\u00e9 pour am\u00e9liorer la qualit\u00e9 des photos et vid\u00e9os<\/li><li>\u00a0le <span style=\"color: #808000;\"><strong>montage vid\u00e9o<\/strong><\/span> \u00e9ventuellement command\u00e9 qui peut int\u00e9grer des plans pris par drone en ext\u00e9rieur et par cam\u00e9ra 360 en int\u00e9rieur<\/li><li>\u00a0l&rsquo;int\u00e9gration \u00e9ventuelle de plans photos et\/ou <span style=\"color: #808000;\"><strong>vid\u00e9o 360<\/strong><\/span> sur le site <a href=\"https:\/\/www.atoutdroneidf.com\">https:\/\/www.atoutdroneidf.com<\/a> ou <a href=\"https:\/\/youtube.com\/@atoutdroneidf\">youtube avec lien non repertori\u00e9<\/a> dans le cadre d&rsquo;une vente immobili\u00e8re<\/li><li>\u00a0<span style=\"color: #808000;\"><strong>les d\u00e9placements et frais annexes <\/strong><\/span>pour se rendre sur le site<\/li><\/ul><p>Pour toutes ces raisons il est n\u00e9cessaire d&rsquo;appr\u00e9hender les besoins et contraintes pour \u00e9tablir un <span style=\"text-decoration: underline; color: #0000ff;\"><strong>devis<\/strong><\/span> en formulant pr\u00e9cis\u00e9ment les<span style=\"color: #000000;\">\u00a0besoins.\u00a0\u00a0<\/span><\/p><p>La vid\u00e9o de Gautier Veltri , expert du domaine,\u00a0 illustre ci-dessous la complexit\u00e9 potentielle de la r\u00e9alisation d&rsquo;une mission.<\/p>\t\t\t\t\t\t\t\t<\/div>\n\t\t\t\t<\/div>\n\t\t\t\t<\/div>\n\t\t<div class=\"elementor-element elementor-element-0e1f153 e-flex e-con-boxed e-con e-parent\" data-id=\"0e1f153\" data-element_type=\"container\">\n\t\t\t\t\t<div class=\"e-con-inner\">\n\t\t\t\t<div class=\"elementor-element elementor-element-ab28dd0 elementor-widget elementor-widget-video\" data-id=\"ab28dd0\" data-element_type=\"widget\" data-settings=\"{&quot;youtube_url&quot;:&quot;https:\\\/\\\/www.youtube.com\\\/watch?v=UQ8zaBhU9rE&quot;,&quot;video_type&quot;:&quot;youtube&quot;,&quot;controls&quot;:&quot;yes&quot;}\" data-widget_type=\"video.default\">\n\t\t\t\t<div class=\"elementor-widget-container\">\n\t\t\t\t\t\t\t<div class=\"elementor-wrapper elementor-open-inline\">\n\t\t\t<div class=\"elementor-video\"><\/div>\t\t<\/div>\n\t\t\t\t\t\t<\/div>\n\t\t\t\t<\/div>\n\t\t\t\t\t<\/div>\n\t\t\t\t<\/div>\n\t\t<div class=\"elementor-element elementor-element-1e5e156 e-flex e-con-boxed e-con e-parent\" data-id=\"1e5e156\" data-element_type=\"container\">\n\t\t\t\t\t<div class=\"e-con-inner\">\n\t\t\t\t<div class=\"elementor-element elementor-element-9950cc0 elementor-widget elementor-widget-text-editor\" data-id=\"9950cc0\" data-element_type=\"widget\" data-widget_type=\"text-editor.default\">\n\t\t\t\t<div class=\"elementor-widget-container\">\n\t\t\t\t\t\t\t\t\t<p>Vid\u00e9o publi\u00e9e avec l&rsquo;accord de l&rsquo;auteur Gautier Veltri<\/p>\t\t\t\t\t\t\t\t<\/div>\n\t\t\t\t<\/div>\n\t\t\t\t\t<\/div>\n\t\t\t\t<\/div>\n\t\t\t\t<\/div>\n\t\t","protected":false},"excerpt":{"rendered":"<p>Apercu des tarifs Obtenir un devis Comment est calcul\u00e9 le prix d&rsquo;une prestation drone ? Le tarif des prestations sera d\u00e9fini pour chaque mission sur devis . Il est d\u00e9pendant de nombreux facteurs: le\u00a0type de prise de vue\u00a0\u00a0\u00e0 effectuer : les plans simples en photo sur un espace d\u00e9gag\u00e9 n\u00e9cessitent moins de temps que les [&hellip;]<\/p>\n","protected":false},"author":1,"featured_media":0,"parent":0,"menu_order":0,"comment_status":"closed","ping_status":"closed","template":"","meta":{"_seopress_robots_primary_cat":"","_seopress_titles_title":"prix d'une prestation drone","_seopress_titles_desc":"Comprendre les \u00e9l\u00e9ments \u00e0 prendre en compte pour \u00e9tablir le prix d'un prestation drone","_seopress_robots_index":"","footnotes":""},"blocksy_meta":[],"_links":{"self":[{"href":"https:\/\/atoutdroneidf.com\/WP_elementor\/wp-json\/wp\/v2\/pages\/2031"}],"collection":[{"href":"https:\/\/atoutdroneidf.com\/WP_elementor\/wp-json\/wp\/v2\/pages"}],"about":[{"href":"https:\/\/atoutdroneidf.com\/WP_elementor\/wp-json\/wp\/v2\/types\/page"}],"author":[{"embeddable":true,"href":"https:\/\/atoutdroneidf.com\/WP_elementor\/wp-json\/wp\/v2\/users\/1"}],"replies":[{"embeddable":true,"href":"https:\/\/atoutdroneidf.com\/WP_elementor\/wp-json\/wp\/v2\/comments?post=2031"}],"version-history":[{"count":112,"href":"https:\/\/atoutdroneidf.com\/WP_elementor\/wp-json\/wp\/v2\/pages\/2031\/revisions"}],"predecessor-version":[{"id":2933,"href":"https:\/\/atoutdroneidf.com\/WP_elementor\/wp-json\/wp\/v2\/pages\/2031\/revisions\/2933"}],"wp:attachment":[{"href":"https:\/\/atoutdroneidf.com\/WP_elementor\/wp-json\/wp\/v2\/media?parent=2031"}],"curies":[{"name":"wp","href":"https:\/\/api.w.org\/{rel}","templated":true}]}}