
{"id":1861,"date":"2024-02-15T19:54:59","date_gmt":"2024-02-15T18:54:59","guid":{"rendered":"https:\/\/atoutdroneidf.com\/WP_elementor\/?page_id=1861"},"modified":"2024-09-25T18:44:55","modified_gmt":"2024-09-25T16:44:55","slug":"contributions_externes","status":"publish","type":"page","link":"https:\/\/atoutdroneidf.com\/WP_elementor\/contributions_externes\/","title":{"rendered":"Contributions externes"},"content":{"rendered":"\t\t<div data-elementor-type=\"wp-page\" data-elementor-id=\"1861\" class=\"elementor elementor-1861\">\n\t\t\t\t<div class=\"elementor-element elementor-element-502555d e-flex e-con-boxed e-con e-parent\" data-id=\"502555d\" data-element_type=\"container\">\n\t\t\t\t\t<div class=\"e-con-inner\">\n\t\t\t\t<div class=\"elementor-element elementor-element-19b8646 elementor-widget elementor-widget-text-editor\" data-id=\"19b8646\" data-element_type=\"widget\" data-widget_type=\"text-editor.default\">\n\t\t\t\t<div class=\"elementor-widget-container\">\n\t\t\t\t\t\t\t\t\t<p><img decoding=\"async\" class=\"alignnone wp-image-1496\" src=\"https:\/\/atoutdroneidf.com\/WP_elementor\/wp-content\/uploads\/2023\/12\/accident-300x300.png\" alt=\"\" width=\"86\" height=\"86\" srcset=\"https:\/\/atoutdroneidf.com\/WP_elementor\/wp-content\/uploads\/2023\/12\/accident-300x300.png 300w, https:\/\/atoutdroneidf.com\/WP_elementor\/wp-content\/uploads\/2023\/12\/accident-150x150.png 150w, https:\/\/atoutdroneidf.com\/WP_elementor\/wp-content\/uploads\/2023\/12\/elementor\/thumbs\/accident-qhfxqpvn3v5rk65zi4xicq8ep3t4prn2y16i9tvcl0.png 50w, https:\/\/atoutdroneidf.com\/WP_elementor\/wp-content\/uploads\/2023\/12\/accident.png 512w\" sizes=\"(max-width: 86px) 100vw, 86px\" \/><a href=\"https:\/\/www.flaticon.com\/fr\/icones-gratuites\/echelle\">https:\/\/www.flaticon.com\/fr\/icones-gratuites\/echelle<\/a> \u00c9chelle ic\u00f4nes cr\u00e9\u00e9es par Freepik<\/p><p><img decoding=\"async\" class=\"alignnone wp-image-1178\" src=\"https:\/\/atoutdroneidf.com\/WP_elementor\/wp-content\/uploads\/2023\/12\/worlwide-300x300.png\" alt=\"\" width=\"60\" height=\"60\" srcset=\"https:\/\/atoutdroneidf.com\/WP_elementor\/wp-content\/uploads\/2023\/12\/worlwide-300x300.png 300w, https:\/\/atoutdroneidf.com\/WP_elementor\/wp-content\/uploads\/2023\/12\/worlwide-150x150.png 150w, https:\/\/atoutdroneidf.com\/WP_elementor\/wp-content\/uploads\/2023\/12\/worlwide.png 512w\" sizes=\"(max-width: 60px) 100vw, 60px\" \/>\u00a0<a href=\"https:\/\/www.flaticon.com\/free-icons\/global\">https:\/\/www.flaticon.com\/free-icons\/global<\/a> Global icons created by Freepik<\/p><p><img decoding=\"async\" class=\"alignnone wp-image-1172\" src=\"https:\/\/atoutdroneidf.com\/WP_elementor\/wp-content\/uploads\/2023\/12\/pilot-300x300.png\" alt=\"\" width=\"60\" height=\"60\" srcset=\"https:\/\/atoutdroneidf.com\/WP_elementor\/wp-content\/uploads\/2023\/12\/pilot-300x300.png 300w, https:\/\/atoutdroneidf.com\/WP_elementor\/wp-content\/uploads\/2023\/12\/pilot-150x150.png 150w, https:\/\/atoutdroneidf.com\/WP_elementor\/wp-content\/uploads\/2023\/12\/pilot.png 512w\" sizes=\"(max-width: 60px) 100vw, 60px\" \/>\u00a0<a href=\"https:\/\/www.flaticon.com\/free-icons\/pilot\">https:\/\/www.flaticon.com\/free-icons\/pilot<\/a> Pilot icons created by Eucalyp<\/p><p><img loading=\"lazy\" decoding=\"async\" class=\"alignnone wp-image-1164\" src=\"https:\/\/atoutdroneidf.com\/WP_elementor\/wp-content\/uploads\/2023\/12\/flash-drive-300x300.png\" alt=\"\" width=\"60\" height=\"60\" srcset=\"https:\/\/atoutdroneidf.com\/WP_elementor\/wp-content\/uploads\/2023\/12\/flash-drive-300x300.png 300w, https:\/\/atoutdroneidf.com\/WP_elementor\/wp-content\/uploads\/2023\/12\/flash-drive-150x150.png 150w, https:\/\/atoutdroneidf.com\/WP_elementor\/wp-content\/uploads\/2023\/12\/flash-drive.png 512w\" sizes=\"(max-width: 60px) 100vw, 60px\" \/><span style=\"background-color: var(--theme-palette-color-7); color: var(--theme-text-color); font-family: var(--theme-font-family); font-size: inherit; font-style: var(--theme-font-style, inherit); font-weight: var(--theme-font-weight); letter-spacing: var(--theme-letter-spacing); text-align: inherit; text-transform: var(--theme-text-transform);\">\u00a0<a href=\"https:\/\/www.flaticon.com\/free-icons\/usb\">https:\/\/www.flaticon.com\/free-icons\/usb<\/a> usb icons created by surang<\/span><\/p><p><img loading=\"lazy\" decoding=\"async\" class=\"alignnone wp-image-1166\" src=\"https:\/\/atoutdroneidf.com\/WP_elementor\/wp-content\/uploads\/2023\/12\/house-300x300.png\" alt=\"\" width=\"62\" height=\"62\" srcset=\"https:\/\/atoutdroneidf.com\/WP_elementor\/wp-content\/uploads\/2023\/12\/house-300x300.png 300w, https:\/\/atoutdroneidf.com\/WP_elementor\/wp-content\/uploads\/2023\/12\/house-150x150.png 150w, https:\/\/atoutdroneidf.com\/WP_elementor\/wp-content\/uploads\/2023\/12\/house.png 512w\" sizes=\"(max-width: 62px) 100vw, 62px\" \/>\u00a0https:\/\/www.flaticon.com\/free-icons\/house House icons created by Freepik<\/p><p>\u00a0<img loading=\"lazy\" decoding=\"async\" class=\"alignnone wp-image-1161\" src=\"https:\/\/atoutdroneidf.com\/WP_elementor\/wp-content\/uploads\/2023\/12\/cloud-computing-300x300.png\" alt=\"\" width=\"56\" height=\"56\" srcset=\"https:\/\/atoutdroneidf.com\/WP_elementor\/wp-content\/uploads\/2023\/12\/cloud-computing-300x300.png 300w, https:\/\/atoutdroneidf.com\/WP_elementor\/wp-content\/uploads\/2023\/12\/cloud-computing-150x150.png 150w, https:\/\/atoutdroneidf.com\/WP_elementor\/wp-content\/uploads\/2023\/12\/cloud-computing.png 512w\" sizes=\"(max-width: 56px) 100vw, 56px\" \/> https:\/\/www.flaticon.com\/free-icons\/download Download icons created by Becris\u00a0<\/p><p><img loading=\"lazy\" decoding=\"async\" class=\"alignnone wp-image-1497\" src=\"https:\/\/atoutdroneidf.com\/WP_elementor\/wp-content\/uploads\/2023\/12\/batiment-300x300.png\" alt=\"\" width=\"83\" height=\"83\" srcset=\"https:\/\/atoutdroneidf.com\/WP_elementor\/wp-content\/uploads\/2023\/12\/batiment-300x300.png 300w, https:\/\/atoutdroneidf.com\/WP_elementor\/wp-content\/uploads\/2023\/12\/batiment-150x150.png 150w, https:\/\/atoutdroneidf.com\/WP_elementor\/wp-content\/uploads\/2023\/12\/elementor\/thumbs\/batiment-qhfy0oxzmktar7of9g4zt7mhmance58jnedzlj2yk4.png 50w, https:\/\/atoutdroneidf.com\/WP_elementor\/wp-content\/uploads\/2023\/12\/batiment.png 512w\" sizes=\"(max-width: 83px) 100vw, 83px\" \/> https:\/\/www.flaticon.com\/free-icons\/real-estate Real estate icons created by xnimrodx\u00a0<\/p><p><img loading=\"lazy\" decoding=\"async\" class=\"alignnone wp-image-1174\" src=\"https:\/\/atoutdroneidf.com\/WP_elementor\/wp-content\/uploads\/2023\/12\/smartphone-300x300.png\" alt=\"\" width=\"71\" height=\"71\" srcset=\"https:\/\/atoutdroneidf.com\/WP_elementor\/wp-content\/uploads\/2023\/12\/smartphone-300x300.png 300w, https:\/\/atoutdroneidf.com\/WP_elementor\/wp-content\/uploads\/2023\/12\/smartphone-150x150.png 150w, https:\/\/atoutdroneidf.com\/WP_elementor\/wp-content\/uploads\/2023\/12\/elementor\/thumbs\/smartphone-qh5ohiwi61s2wf9sf2wqu7wxn89p0wkzytyscjtkz8.png 50w, https:\/\/atoutdroneidf.com\/WP_elementor\/wp-content\/uploads\/2023\/12\/smartphone.png 512w\" sizes=\"(max-width: 71px) 100vw, 71px\" \/>\u00a0https:\/\/www.flaticon.com\/free-icons\/smartphone Smartphone icons created by xnimrodx<\/p><p><img loading=\"lazy\" decoding=\"async\" class=\"alignnone wp-image-1168\" src=\"https:\/\/atoutdroneidf.com\/WP_elementor\/wp-content\/uploads\/2023\/12\/magnifier-300x300.png\" alt=\"\" width=\"70\" height=\"70\" srcset=\"https:\/\/atoutdroneidf.com\/WP_elementor\/wp-content\/uploads\/2023\/12\/magnifier-300x300.png 300w, https:\/\/atoutdroneidf.com\/WP_elementor\/wp-content\/uploads\/2023\/12\/magnifier-150x150.png 150w, https:\/\/atoutdroneidf.com\/WP_elementor\/wp-content\/uploads\/2023\/12\/elementor\/thumbs\/magnifier-qh5ohg2zljo7xldvvjov4qmjv2nldt9syg0bwpxrhw.png 50w, https:\/\/atoutdroneidf.com\/WP_elementor\/wp-content\/uploads\/2023\/12\/magnifier.png 512w\" sizes=\"(max-width: 70px) 100vw, 70px\" \/>\u00a0https:\/\/www.flaticon.com\/free-icons\/loupe Loupe icons created by alfanz<\/p><p><img loading=\"lazy\" decoding=\"async\" class=\"alignnone wp-image-1184\" src=\"https:\/\/atoutdroneidf.com\/WP_elementor\/wp-content\/uploads\/2023\/12\/euro-300x300.png\" alt=\"\" width=\"76\" height=\"76\" srcset=\"https:\/\/atoutdroneidf.com\/WP_elementor\/wp-content\/uploads\/2023\/12\/euro-300x300.png 300w, https:\/\/atoutdroneidf.com\/WP_elementor\/wp-content\/uploads\/2023\/12\/euro-150x150.png 150w, https:\/\/atoutdroneidf.com\/WP_elementor\/wp-content\/uploads\/2023\/12\/elementor\/thumbs\/euro-qh5otl5xviajw9qzzamdu6bw38t9t2gzmjd42dxp4k.png 50w, https:\/\/atoutdroneidf.com\/WP_elementor\/wp-content\/uploads\/2023\/12\/euro.png 512w\" sizes=\"(max-width: 76px) 100vw, 76px\" \/> https:\/\/www.flaticon.com\/free-icons\/euro Euro icons created by Kiranshastry<\/p><p><img loading=\"lazy\" decoding=\"async\" class=\"alignnone wp-image-1213\" src=\"https:\/\/atoutdroneidf.com\/WP_elementor\/wp-content\/uploads\/2023\/12\/contour-en-forme-de-coeur-300x300.png\" alt=\"\" width=\"72\" height=\"72\" srcset=\"https:\/\/atoutdroneidf.com\/WP_elementor\/wp-content\/uploads\/2023\/12\/contour-en-forme-de-coeur-300x300.png 300w, https:\/\/atoutdroneidf.com\/WP_elementor\/wp-content\/uploads\/2023\/12\/contour-en-forme-de-coeur-150x150.png 150w, https:\/\/atoutdroneidf.com\/WP_elementor\/wp-content\/uploads\/2023\/12\/elementor\/thumbs\/contour-en-forme-de-coeur-qh6ca39u4ycqvz28oc3m12gplud5fb392ftu81s6t0.png 50w, https:\/\/atoutdroneidf.com\/WP_elementor\/wp-content\/uploads\/2023\/12\/contour-en-forme-de-coeur.png 512w\" sizes=\"(max-width: 72px) 100vw, 72px\" \/> https:\/\/www.flaticon.com\/fr\/icones-gratuites\/coeur C\u0153ur ic\u00f4nes cr\u00e9\u00e9es par Dave Gandy<\/p><p><img loading=\"lazy\" decoding=\"async\" class=\"alignnone wp-image-1497\" src=\"https:\/\/atoutdroneidf.com\/WP_elementor\/wp-content\/uploads\/2023\/12\/batiment-300x300.png\" alt=\"\" width=\"97\" height=\"97\" srcset=\"https:\/\/atoutdroneidf.com\/WP_elementor\/wp-content\/uploads\/2023\/12\/batiment-300x300.png 300w, https:\/\/atoutdroneidf.com\/WP_elementor\/wp-content\/uploads\/2023\/12\/batiment-150x150.png 150w, https:\/\/atoutdroneidf.com\/WP_elementor\/wp-content\/uploads\/2023\/12\/elementor\/thumbs\/batiment-qhfy0oxzmktar7of9g4zt7mhmance58jnedzlj2yk4.png 50w, https:\/\/atoutdroneidf.com\/WP_elementor\/wp-content\/uploads\/2023\/12\/batiment.png 512w\" sizes=\"(max-width: 97px) 100vw, 97px\" \/>\u00a0<br \/>\u00a0 <a href=\"https:\/\/www.flaticon.com\/fr\/icones-gratuites\/empire-state-building\">https:\/\/www.flaticon.com\/fr\/icones-gratuites\/empire-state-building<\/a> Empire state building ic\u00f4nes cr\u00e9\u00e9es par Payungkead<\/p><p><img loading=\"lazy\" decoding=\"async\" class=\"alignnone wp-image-1585\" src=\"https:\/\/atoutdroneidf.com\/WP_elementor\/wp-content\/uploads\/2023\/12\/bee-hive-300x300.png\" alt=\"\" width=\"60\" height=\"60\" srcset=\"https:\/\/atoutdroneidf.com\/WP_elementor\/wp-content\/uploads\/2023\/12\/bee-hive-300x300.png 300w, https:\/\/atoutdroneidf.com\/WP_elementor\/wp-content\/uploads\/2023\/12\/bee-hive-150x150.png 150w, https:\/\/atoutdroneidf.com\/WP_elementor\/wp-content\/uploads\/2023\/12\/bee-hive.png 512w\" sizes=\"(max-width: 60px) 100vw, 60px\" \/><a href=\"https:\/\/www.flaticon.com\/free-icons\/bee\">https:\/\/www.flaticon.com\/free-icons\/bee<\/a> Bee icons created by Smashicons<\/p><p>\u00a0 <img loading=\"lazy\" decoding=\"async\" class=\"alignnone wp-image-1155\" src=\"https:\/\/atoutdroneidf.com\/WP_elementor\/wp-content\/uploads\/2023\/12\/360-degrees-300x300.png\" alt=\"\" width=\"76\" height=\"76\" srcset=\"https:\/\/atoutdroneidf.com\/WP_elementor\/wp-content\/uploads\/2023\/12\/360-degrees-300x300.png 300w, https:\/\/atoutdroneidf.com\/WP_elementor\/wp-content\/uploads\/2023\/12\/360-degrees-150x150.png 150w, https:\/\/atoutdroneidf.com\/WP_elementor\/wp-content\/uploads\/2023\/12\/elementor\/thumbs\/360-degrees-qh5ogz5w6j124m2gmcdkvuw964yzj9emw49l9qmulw.png 50w, https:\/\/atoutdroneidf.com\/WP_elementor\/wp-content\/uploads\/2023\/12\/360-degrees.png 512w\" sizes=\"(max-width: 76px) 100vw, 76px\" \/>\u00a0<a href=\"https:\/\/www.flaticon.com\/fr\/icones-gratuites\/vue-a-360-\">https:\/\/www.flaticon.com\/fr\/icones-gratuites\/vue-a-360-<\/a> Vue-a-360- ic\u00f4nes cr\u00e9\u00e9es par Freepik<\/p><p><img loading=\"lazy\" decoding=\"async\" class=\"alignnone wp-image-2683\" src=\"https:\/\/atoutdroneidf.com\/WP_elementor\/wp-content\/uploads\/2024\/07\/facebook-transparent-300x300.png\" alt=\"\" width=\"52\" height=\"52\" srcset=\"https:\/\/atoutdroneidf.com\/WP_elementor\/wp-content\/uploads\/2024\/07\/facebook-transparent-300x300.png 300w, https:\/\/atoutdroneidf.com\/WP_elementor\/wp-content\/uploads\/2024\/07\/facebook-transparent-150x150.png 150w, https:\/\/atoutdroneidf.com\/WP_elementor\/wp-content\/uploads\/2024\/07\/facebook-transparent.png 512w\" sizes=\"(max-width: 52px) 100vw, 52px\" \/>\u00a0Facebook ic\u00f4nes cr\u00e9\u00e9es par Ruslan Babkin &#8211; <a href=\"https:\/\/www.flaticon.com\/\">Flaticon<\/a><\/p><p><img loading=\"lazy\" decoding=\"async\" class=\"alignnone  wp-image-1165\" src=\"https:\/\/atoutdroneidf.com\/WP_elementor\/wp-content\/uploads\/2023\/12\/hourglass-300x300.png\" alt=\"\" width=\"120\" height=\"120\" srcset=\"https:\/\/atoutdroneidf.com\/WP_elementor\/wp-content\/uploads\/2023\/12\/hourglass-300x300.png 300w, https:\/\/atoutdroneidf.com\/WP_elementor\/wp-content\/uploads\/2023\/12\/hourglass-150x150.png 150w, https:\/\/atoutdroneidf.com\/WP_elementor\/wp-content\/uploads\/2023\/12\/elementor\/thumbs\/hourglass-qh5ohf55epmxlzf911a8k8v39os86462mbcuffz5o4.png 50w, https:\/\/atoutdroneidf.com\/WP_elementor\/wp-content\/uploads\/2023\/12\/hourglass.png 512w\" sizes=\"(max-width: 120px) 100vw, 120px\" \/>\u00a0 \u00a0\u00a0<a href=\"https:\/\/www.flaticon.com\/free-icons\/hourglass\">https:\/\/www.flaticon.com\/free-icons\/hourglass<\/a><\/p><p>\u00a0<\/p>\t\t\t\t\t\t\t\t<\/div>\n\t\t\t\t<\/div>\n\t\t\t\t\t<\/div>\n\t\t\t\t<\/div>\n\t\t\t\t<\/div>\n\t\t","protected":false},"excerpt":{"rendered":"<p>https:\/\/www.flaticon.com\/fr\/icones-gratuites\/echelle \u00c9chelle ic\u00f4nes cr\u00e9\u00e9es par Freepik \u00a0https:\/\/www.flaticon.com\/free-icons\/global Global icons created by Freepik \u00a0https:\/\/www.flaticon.com\/free-icons\/pilot Pilot icons created by Eucalyp \u00a0https:\/\/www.flaticon.com\/free-icons\/usb usb icons created by surang \u00a0https:\/\/www.flaticon.com\/free-icons\/house House icons created by Freepik \u00a0 https:\/\/www.flaticon.com\/free-icons\/download Download icons created by Becris\u00a0 https:\/\/www.flaticon.com\/free-icons\/real-estate Real estate icons created by xnimrodx\u00a0 \u00a0https:\/\/www.flaticon.com\/free-icons\/smartphone Smartphone icons created by xnimrodx \u00a0https:\/\/www.flaticon.com\/free-icons\/loupe Loupe icons created by [&hellip;]<\/p>\n","protected":false},"author":1,"featured_media":0,"parent":0,"menu_order":0,"comment_status":"closed","ping_status":"closed","template":"","meta":{"_seopress_robots_primary_cat":"","_seopress_titles_title":"","_seopress_titles_desc":"","_seopress_robots_index":"","footnotes":""},"blocksy_meta":[],"_links":{"self":[{"href":"https:\/\/atoutdroneidf.com\/WP_elementor\/wp-json\/wp\/v2\/pages\/1861"}],"collection":[{"href":"https:\/\/atoutdroneidf.com\/WP_elementor\/wp-json\/wp\/v2\/pages"}],"about":[{"href":"https:\/\/atoutdroneidf.com\/WP_elementor\/wp-json\/wp\/v2\/types\/page"}],"author":[{"embeddable":true,"href":"https:\/\/atoutdroneidf.com\/WP_elementor\/wp-json\/wp\/v2\/users\/1"}],"replies":[{"embeddable":true,"href":"https:\/\/atoutdroneidf.com\/WP_elementor\/wp-json\/wp\/v2\/comments?post=1861"}],"version-history":[{"count":130,"href":"https:\/\/atoutdroneidf.com\/WP_elementor\/wp-json\/wp\/v2\/pages\/1861\/revisions"}],"predecessor-version":[{"id":2976,"href":"https:\/\/atoutdroneidf.com\/WP_elementor\/wp-json\/wp\/v2\/pages\/1861\/revisions\/2976"}],"wp:attachment":[{"href":"https:\/\/atoutdroneidf.com\/WP_elementor\/wp-json\/wp\/v2\/media?parent=1861"}],"curies":[{"name":"wp","href":"https:\/\/api.w.org\/{rel}","templated":true}]}}