
{"id":1681,"date":"2024-01-02T21:41:10","date_gmt":"2024-01-02T20:41:10","guid":{"rendered":"https:\/\/atoutdroneidf.com\/WP_elementor\/?page_id=1681"},"modified":"2024-07-27T14:04:17","modified_gmt":"2024-07-27T12:04:17","slug":"prises-de-vue-360","status":"publish","type":"page","link":"https:\/\/atoutdroneidf.com\/WP_elementor\/prises-de-vue-360\/","title":{"rendered":"Prises de vue 360\u00b0"},"content":{"rendered":"\t\t<div data-elementor-type=\"wp-page\" data-elementor-id=\"1681\" class=\"elementor elementor-1681\">\n\t\t\t\t<div class=\"elementor-element elementor-element-f8310e9 e-flex e-con-boxed e-con e-parent\" data-id=\"f8310e9\" data-element_type=\"container\">\n\t\t\t\t\t<div class=\"e-con-inner\">\n\t\t\t\t<div class=\"elementor-element elementor-element-5bc5c93 elementor-widget elementor-widget-text-editor\" data-id=\"5bc5c93\" data-element_type=\"widget\" data-widget_type=\"text-editor.default\">\n\t\t\t\t<div class=\"elementor-widget-container\">\n\t\t\t\t\t\t\t\t\t<p>Les <strong>prises de vue 360\u00b0 en photo et en vid\u00e9o<\/strong> pr\u00e9sentent un grand int\u00e9r\u00eat pour la <strong>mise en valeur de biens immobiliers<\/strong> et permettent :<\/p>\t\t\t\t\t\t\t\t<\/div>\n\t\t\t\t<\/div>\n\t\t\t\t\t<\/div>\n\t\t\t\t<\/div>\n\t\t<div class=\"elementor-element elementor-element-c1c9abc e-flex e-con-boxed e-con e-parent\" data-id=\"c1c9abc\" data-element_type=\"container\">\n\t\t\t\t\t<div class=\"e-con-inner\">\n\t\t\t\t<div class=\"elementor-element elementor-element-e7fec86 elementor-widget elementor-widget-text-editor\" data-id=\"e7fec86\" data-element_type=\"widget\" data-widget_type=\"text-editor.default\">\n\t\t\t\t<div class=\"elementor-widget-container\">\n\t\t\t\t\t\t\t\t\t<ul><li>d&rsquo;offrir une vue 3D\u00a0 \u00e0 hauteur du regard sur l&rsquo;environnement qui sera visible depuis une <strong>fen\u00eatre<\/strong> ou une porte de la maison , ou encore une terrasse , ce que<strong> google maps<\/strong> ou <strong>google earth<\/strong> ne peuvent pas faire compte tenu <strong>du mauvais rendu en 3D et de la faible pr\u00e9cision des images google\u00a0<\/strong> ( <a href=\"#vue_demi_sphere_photo_fenetre\">exemple<\/a> )<strong>\u00a0<\/strong><\/li><li>parcourir<strong> l&rsquo;int\u00e9rieur<\/strong> d&rsquo;une maison en vid\u00e9o et donner une vision 3D de toutes les pi\u00e8ces<\/li><li>fournir une vision sur <strong>l&rsquo;environnement de la maison<\/strong> \u00e0 l&rsquo;aide de photos 360\u00b0 <strong>en prenant de\u00a0 la hauteur<\/strong> ( ~ 40 m\u00e8tres depuis un drone: <a href=\"#vue_sphere_environnement\">exemple<\/a> )<\/li><\/ul>\t\t\t\t\t\t\t\t<\/div>\n\t\t\t\t<\/div>\n\t\t\t\t\t<\/div>\n\t\t\t\t<\/div>\n\t\t<div class=\"elementor-element elementor-element-698961d e-flex e-con-boxed e-con e-parent\" data-id=\"698961d\" data-element_type=\"container\">\n\t\t\t\t\t<div class=\"e-con-inner\">\n\t\t\t\t<div class=\"elementor-element elementor-element-ec95fc5 elementor-widget elementor-widget-text-editor\" data-id=\"ec95fc5\" data-element_type=\"widget\" data-widget_type=\"text-editor.default\">\n\t\t\t\t<div class=\"elementor-widget-container\">\n\t\t\t\t\t\t\t\t\t<p style=\"margin-bottom: var(--theme-content-spacing); font-size: 16px; text-align: start;\">En fonction des besoins , des altitudes , et des contraintes spatiales , on utilisera\u00a0<strong>un drone ou une cam\u00e9ra 360<\/strong>\u00a0qui pourra , en compl\u00e9ment ,\u00eatre mont\u00e9e sur une perche de 3 m , soit une hauteur de prise de vue d&rsquo;environ 4,5 m\u00e8tres, pour les fen\u00eatres hautes ferm\u00e9es.<\/p>\t\t\t\t\t\t\t\t<\/div>\n\t\t\t\t<\/div>\n\t\t\t\t\t<\/div>\n\t\t\t\t<\/div>\n\t\t<div class=\"elementor-element elementor-element-fa953d5 e-flex e-con-boxed e-con e-parent\" data-id=\"fa953d5\" data-element_type=\"container\">\n\t\t\t\t\t<div class=\"e-con-inner\">\n\t\t\t\t<div class=\"elementor-element elementor-element-7d33ef0 elementor-widget__width-initial elementor-widget elementor-widget-eael-advanced-data-table\" data-id=\"7d33ef0\" data-element_type=\"widget\" data-widget_type=\"eael-advanced-data-table.default\">\n\t\t\t\t<div class=\"elementor-widget-container\">\n\t\t\t\t\t<div class=\"ea-advanced-data-table-wrap\" data-id=\"7d33ef0\"><div class=\"ea-advanced-data-table-wrap-inner\">\n                <table class=\"ea-advanced-data-table ea-advanced-data-table-static ea-advanced-data-table-7d33ef0 ea-advanced-data-table-paginated\" data-id=\"7d33ef0\" data-items-per-page=\"10\"><thead><tr><th style=\"width: 249px\"><p>Domaine<\/p><\/th><th style=\"width: 728px\"><p>Photos sph\u00e8re 360<\/p><\/th><th style=\"width: 605px\"><p>Vid\u00e9o 360<\/p><\/th><\/tr><\/thead><tbody><tr><td><p>Utilisation principale<\/p><\/td><td><ul><li>vue \u00e9lev\u00e9e sur l'<strong>environnement local<\/strong> et l'espace entourant la maison <\/li><li>cr\u00e9ation d'une vid\u00e9o affichant diff\u00e9rents portions de la photo sph\u00e8re , pouvant \u00eatre int\u00e9gr\u00e9e dans les plans vid\u00e9o de drone. Certaines portions ind\u00e9sirable de la sph\u00e8re pourront \u00eatre masqu\u00e9es<\/li><li>visualisation 3D de la vue \u00e0 partir d'un lieu dans le jardin , sur une terrasse ou un balcon<\/li><\/ul><\/td><td><ul><li><strong>Visite virtuelle<\/strong> int\u00e9rieure de la maison \u00e0 destination d'acheteurs potentiels<\/li><li>Conservation de <strong>vid\u00e9os d'archives<\/strong> de chaque pi\u00e8ce lorsque votre <strong>bien sera vendu<\/strong><\/li><li>Constat vid\u00e9o suite \u00e0 un sinistre, avant des op\u00e9rations de nettoyage<\/li><li>Vue 360 depuis balcons , toits et et terrasse<\/li><\/ul><p><br><\/p><p><br><\/p><\/td><\/tr><tr><td><p>Diffusion <strong>WEB<\/strong><\/p><p><br><\/p><\/td><td><ul><li>Diffusion sur site le site atoutdroneIDF.com \u00e0 l'aide d'une <strong>URL priv\u00e9e<\/strong> sans \u00e9l\u00e9ment d'identification (<a href=\"#vue_sphere_environnement\" target=\"_blank\">exemple<\/a>)<\/li><\/ul><\/td><td><ul><li>Diffusion sur youtube \u00e0 l'aide d'une URL non r\u00e9pertori\u00e9e , sans \u00e9l\u00e9ment d'identification<\/li><\/ul><\/td><\/tr><tr><td><p>Visualisation <strong>hors web<\/strong><\/p><\/td><td><ul><li>Application VR Media player sur android<\/li><li>Logiciel <a href=\"https:\/\/www.fsoft.it\/FSPViewer\/\" target=\"_blank\">FSP viewer<\/a> sur PC windows<\/li><\/ul><p><br><\/p><\/td><td><ul><li>logiciel VLC sur PC windows<\/li><li>application VLC sur Android<\/li><li>lecteur vid\u00e9o standard sur Android (suivant mod\u00e8le) permettant de se tourner \u00e0 l'int\u00e9rieur de la sc\u00e8ne 360<\/li><\/ul><\/td><\/tr><tr><td><p>Prise de vue par drone<\/p><\/td><td><ul><li>adapt\u00e9 pour les vues tr\u00e8s en hauteur<\/li><li>Images 32 M\u00e9ga pixel<\/li><li>hauteur maxi 120 m\u00e8tres<\/li><\/ul><\/td><td><ul><li><strong><em>pas de vid\u00e9o 360 en drone<\/em><\/strong><\/li><\/ul><\/td><\/tr><tr><td><p>Prise de vue par camera Insta360<\/p><\/td><td><ul><li>prise de vue photo jusqu'\u00e0 72 mega pixel<\/li><li>mise en oeuvre simplifi\u00e9e<\/li><li>possibilit\u00e9 d'utiliser des perches pour des prises de vue jusqu'\u00e0 4,5 m\u00e8tres<\/li><\/ul><\/td><td><ul><li>prise de vue vid\u00e9o en 5,7 K<\/li><li>possibilit\u00e9 de plans originaux avec la longue perche<\/li><\/ul><\/td><\/tr><\/tbody><\/table>\n            <\/div><div class=\"ea-advanced-data-table-pagination ea-advanced-data-table-pagination-button clearfix\"><\/div><\/div>\t\t\t\t<\/div>\n\t\t\t\t<\/div>\n\t\t\t\t<div class=\"elementor-element elementor-element-84fe9c1 elementor-widget elementor-widget-menu-anchor\" data-id=\"84fe9c1\" data-element_type=\"widget\" data-widget_type=\"menu-anchor.default\">\n\t\t\t\t<div class=\"elementor-widget-container\">\n\t\t\t\t\t\t\t<div class=\"elementor-menu-anchor\" id=\"vue_demi_sphere_photo_fenetre\"><\/div>\n\t\t\t\t\t\t<\/div>\n\t\t\t\t<\/div>\n\t\t\t\t\t<\/div>\n\t\t\t\t<\/div>\n\t\t<div class=\"elementor-element elementor-element-d274ded e-flex e-con-boxed e-con e-parent\" data-id=\"d274ded\" data-element_type=\"container\">\n\t\t\t\t\t<div class=\"e-con-inner\">\n\t\t\t\t<div class=\"elementor-element elementor-element-2290e5e elementor-widget elementor-widget-heading\" data-id=\"2290e5e\" data-element_type=\"widget\" data-widget_type=\"heading.default\">\n\t\t\t\t<div class=\"elementor-widget-container\">\n\t\t\t\t\t<h2 class=\"elementor-heading-title elementor-size-default\">Simulation vue fen\u00eatre avec cam\u00e9ra 360 (prise de vue au sol)<\/h2>\t\t\t\t<\/div>\n\t\t\t\t<\/div>\n\t\t\t\t\t<\/div>\n\t\t\t\t<\/div>\n\t\t<div class=\"elementor-element elementor-element-8cc3928 e-flex e-con-boxed e-con e-parent\" data-id=\"8cc3928\" data-element_type=\"container\">\n\t\t\t\t\t<div class=\"e-con-inner\">\n\t\t\t\t<div class=\"elementor-element elementor-element-c0e77f8 elementor-widget elementor-widget-text-editor\" data-id=\"c0e77f8\" data-element_type=\"widget\" data-widget_type=\"text-editor.default\">\n\t\t\t\t<div class=\"elementor-widget-container\">\n\t\t\t\t\t\t\t\t\t<p>Dans cette vue , <strong>une simulation de prise de vue depuis une fen\u00eatre est r\u00e9alis\u00e9e<\/strong>. La partie arri\u00e8re qui <strong><span style=\"color: #808000;\">correspondrait \u00e0 l&rsquo;int\u00e9rieur<\/span><\/strong> de la maison a \u00e9t\u00e9 <span style=\"color: #808000;\"><strong>noircie<\/strong><\/span>. En cliquant sur l&rsquo;image il est possible de changer l&rsquo;angle de vue et de donner une visibilit\u00e9 sur l&rsquo;ensemble du champ de vision depuis le point de prise de vue , sur une demi-sph\u00e8re.\u00a0<\/p>\t\t\t\t\t\t\t\t<\/div>\n\t\t\t\t<\/div>\n\t\t\t\t\t<\/div>\n\t\t\t\t<\/div>\n\t\t<div class=\"elementor-element elementor-element-ed489d5 e-flex e-con-boxed e-con e-parent\" data-id=\"ed489d5\" data-element_type=\"container\">\n\t\t\t\t\t<div class=\"e-con-inner\">\n\t\t\t\t<div class=\"elementor-element elementor-element-76e7141 elementor-widget elementor-widget-shortcode\" data-id=\"76e7141\" data-element_type=\"widget\" data-widget_type=\"shortcode.default\">\n\t\t\t\t<div class=\"elementor-widget-container\">\n\t\t\t\t\t\t\t<div class=\"elementor-shortcode\">\r\n    \r\n    \r\n    <div id=\"bppiv_panorama1742\" class=\"bppiv_panorama\" data-settings='{&quot;bppiv_type&quot;:&quot;image360&quot;,&quot;bppiv_image_src&quot;:{&quot;url&quot;:&quot;&quot;,&quot;id&quot;:&quot;&quot;,&quot;width&quot;:&quot;&quot;,&quot;height&quot;:&quot;&quot;,&quot;thumbnail&quot;:&quot;&quot;,&quot;alt&quot;:&quot;&quot;,&quot;title&quot;:&quot;&quot;,&quot;description&quot;:&quot;&quot;},&quot;image_src_360&quot;:&quot;https:\\\/\\\/atoutdroneidf.com\\\/WP_elementor\\\/wp-content\\\/uploads\\\/2024\\\/03\\\/vue-meutriere-180-claire_ecran_mobile-scaled.jpg&quot;,&quot;bppiv_video_src&quot;:{&quot;url&quot;:&quot;&quot;,&quot;id&quot;:&quot;&quot;,&quot;width&quot;:&quot;&quot;,&quot;height&quot;:&quot;&quot;,&quot;thumbnail&quot;:&quot;&quot;,&quot;alt&quot;:&quot;&quot;,&quot;title&quot;:&quot;&quot;,&quot;description&quot;:&quot;&quot;},&quot;bppiv_pan_gallery&quot;:&quot;&quot;,&quot;bppiv_gallery_limit&quot;:&quot;6&quot;,&quot;loadMore_btn_text&quot;:&quot;Load More&quot;,&quot;loadMore_text_color&quot;:&quot;#fff&quot;,&quot;loadMore_btn_bg&quot;:&quot;#000&quot;,&quot;loadMore_hover_bg&quot;:&quot;#222&quot;,&quot;bppiv_pano_id&quot;:&quot;JmSoPsBPhqWvaBmOqfFzgA&quot;,&quot;bppiv_image_width&quot;:{&quot;width&quot;:&quot;100&quot;,&quot;unit&quot;:&quot;%&quot;},&quot;bppiv_image_height&quot;:{&quot;height&quot;:&quot;720&quot;,&quot;unit&quot;:&quot;px&quot;},&quot;bppiv_auto_rotate&quot;:&quot;1&quot;,&quot;bppiv_speed&quot;:&quot;2&quot;,&quot;control_show_hide&quot;:&quot;&quot;,&quot;initial_view&quot;:&quot;&quot;,&quot;initial_view_property&quot;:{&quot;top&quot;:&quot;2.3&quot;,&quot;right&quot;:&quot;-360.4&quot;,&quot;bottom&quot;:&quot;120&quot;},&quot;custom_control&quot;:&quot;&quot;,&quot;bppiv_auto_load&quot;:&quot;1&quot;,&quot;draggable_360&quot;:&quot;1&quot;,&quot;compass_360&quot;:&quot;&quot;,&quot;bppiv_auto_play&quot;:&quot;1&quot;,&quot;bppiv_video_mute&quot;:&quot;1&quot;,&quot;bppiv_video_loop&quot;:&quot;1&quot;,&quot;control_show_hide_video&quot;:&quot;&quot;,&quot;title_author&quot;:&quot;1&quot;,&quot;title_360&quot;:&quot;360\\u00b0 Panorama&quot;,&quot;author_360&quot;:&quot;&lt;a href=\\&quot;https:\\\/\\\/bplugins.com\\\/\\&quot;&gt;bPlugins&lt;\\\/a&gt;&quot;,&quot;tour_360&quot;:&quot;&quot;}'>\r\n\r\n    <\/div>\r\n\r\n    \r\n    <style>\r\n        #bppiv_panorama1742{\r\n            width: 100%;\r\n            height: 720px;\r\n        }\r\n    <\/style>\r\n\r\n    <\/div>\n\t\t\t\t\t\t<\/div>\n\t\t\t\t<\/div>\n\t\t\t\t\t<\/div>\n\t\t\t\t<\/div>\n\t\t<div class=\"elementor-element elementor-element-0c1d183 e-flex e-con-boxed e-con e-parent\" data-id=\"0c1d183\" data-element_type=\"container\">\n\t\t\t\t\t<div class=\"e-con-inner\">\n\t\t\t\t<div class=\"elementor-element elementor-element-339230d elementor-widget elementor-widget-text-editor\" data-id=\"339230d\" data-element_type=\"widget\" data-widget_type=\"text-editor.default\">\n\t\t\t\t<div class=\"elementor-widget-container\">\n\t\t\t\t\t\t\t\t\t<p>La vue ci-<span style=\"color: #000000;\">dessous <\/span>a \u00e9t\u00e9 r\u00e9alis\u00e9e avec <span style=\"color: #993366;\"><b>une cam\u00e9ra 360\u00b0 au bout d&rsquo;un perche de 3 m<\/b><\/span> depuis l&rsquo;int\u00e9rieur de l&rsquo;appartement . La perche est invisible .Ce type de prise de vue peut \u00eatre r\u00e9alis\u00e9 depuis un toit-terrasse pour visualiser toute la vue.<\/p>\t\t\t\t\t\t\t\t<\/div>\n\t\t\t\t<\/div>\n\t\t\t\t\t<\/div>\n\t\t\t\t<\/div>\n\t\t<div class=\"elementor-element elementor-element-c3ff1cc e-flex e-con-boxed e-con e-parent\" data-id=\"c3ff1cc\" data-element_type=\"container\">\n\t\t\t\t\t<div class=\"e-con-inner\">\n\t\t\t\t<div class=\"elementor-element elementor-element-4581594 elementor-widget elementor-widget-shortcode\" data-id=\"4581594\" data-element_type=\"widget\" data-widget_type=\"shortcode.default\">\n\t\t\t\t<div class=\"elementor-widget-container\">\n\t\t\t\t\t\t\t<div class=\"elementor-shortcode\">\r\n    \r\n    \r\n    <div id=\"bppiv_panorama2231\" class=\"bppiv_panorama\" data-settings='{&quot;bppiv_type&quot;:&quot;image360&quot;,&quot;bppiv_image_src&quot;:{&quot;url&quot;:&quot;&quot;,&quot;id&quot;:&quot;&quot;,&quot;width&quot;:&quot;&quot;,&quot;height&quot;:&quot;&quot;,&quot;thumbnail&quot;:&quot;&quot;,&quot;alt&quot;:&quot;&quot;,&quot;title&quot;:&quot;&quot;,&quot;description&quot;:&quot;&quot;},&quot;image_src_360&quot;:&quot;https:\\\/\\\/atoutdroneidf.com\\\/WP_elementor\\\/wp-content\\\/uploads\\\/2024\\\/03\\\/export_insta_360_fenetre_perche_no_exif-scaled.jpg&quot;,&quot;bppiv_video_src&quot;:{&quot;url&quot;:&quot;&quot;,&quot;id&quot;:&quot;&quot;,&quot;width&quot;:&quot;&quot;,&quot;height&quot;:&quot;&quot;,&quot;thumbnail&quot;:&quot;&quot;,&quot;alt&quot;:&quot;&quot;,&quot;title&quot;:&quot;&quot;,&quot;description&quot;:&quot;&quot;},&quot;bppiv_pan_gallery&quot;:&quot;&quot;,&quot;bppiv_gallery_limit&quot;:&quot;6&quot;,&quot;loadMore_btn_text&quot;:&quot;Load More&quot;,&quot;loadMore_text_color&quot;:&quot;#fff&quot;,&quot;loadMore_btn_bg&quot;:&quot;#000&quot;,&quot;loadMore_hover_bg&quot;:&quot;#222&quot;,&quot;bppiv_pano_id&quot;:&quot;JmSoPsBPhqWvaBmOqfFzgA&quot;,&quot;bppiv_image_width&quot;:{&quot;width&quot;:&quot;100&quot;,&quot;unit&quot;:&quot;%&quot;},&quot;bppiv_image_height&quot;:{&quot;height&quot;:&quot;720&quot;,&quot;unit&quot;:&quot;px&quot;},&quot;bppiv_auto_rotate&quot;:&quot;1&quot;,&quot;bppiv_speed&quot;:&quot;2&quot;,&quot;control_show_hide&quot;:&quot;&quot;,&quot;initial_view&quot;:&quot;&quot;,&quot;initial_view_property&quot;:{&quot;top&quot;:&quot;2.3&quot;,&quot;right&quot;:&quot;-360.4&quot;,&quot;bottom&quot;:&quot;120&quot;},&quot;custom_control&quot;:&quot;&quot;,&quot;bppiv_auto_load&quot;:&quot;1&quot;,&quot;draggable_360&quot;:&quot;1&quot;,&quot;compass_360&quot;:&quot;&quot;,&quot;bppiv_auto_play&quot;:&quot;1&quot;,&quot;bppiv_video_mute&quot;:&quot;1&quot;,&quot;bppiv_video_loop&quot;:&quot;1&quot;,&quot;control_show_hide_video&quot;:&quot;&quot;,&quot;title_author&quot;:&quot;1&quot;,&quot;title_360&quot;:&quot;360\\u00b0 Panorama&quot;,&quot;author_360&quot;:&quot;&lt;a href=\\&quot;https:\\\/\\\/bplugins.com\\\/\\&quot;&gt;bPlugins&lt;\\\/a&gt;&quot;,&quot;tour_360&quot;:&quot;&quot;}'>\r\n\r\n    <\/div>\r\n\r\n    \r\n    <style>\r\n        #bppiv_panorama2231{\r\n            width: 100%;\r\n            height: 720px;\r\n        }\r\n    <\/style>\r\n\r\n    <\/div>\n\t\t\t\t\t\t<\/div>\n\t\t\t\t<\/div>\n\t\t\t\t\t<\/div>\n\t\t\t\t<\/div>\n\t\t<div class=\"elementor-element elementor-element-2dca9a9 e-flex e-con-boxed e-con e-parent\" data-id=\"2dca9a9\" data-element_type=\"container\">\n\t\t\t\t\t<div class=\"e-con-inner\">\n\t\t\t\t<div class=\"elementor-element elementor-element-b2b6f80 elementor-widget elementor-widget-menu-anchor\" data-id=\"b2b6f80\" data-element_type=\"widget\" data-widget_type=\"menu-anchor.default\">\n\t\t\t\t<div class=\"elementor-widget-container\">\n\t\t\t\t\t\t\t<div class=\"elementor-menu-anchor\" id=\"vue_sphere_environnement\"><\/div>\n\t\t\t\t\t\t<\/div>\n\t\t\t\t<\/div>\n\t\t\t\t<div class=\"elementor-element elementor-element-e874c3c elementor-widget elementor-widget-heading\" data-id=\"e874c3c\" data-element_type=\"widget\" data-widget_type=\"heading.default\">\n\t\t\t\t<div class=\"elementor-widget-container\">\n\t\t\t\t\t<h2 class=\"elementor-heading-title elementor-size-default\">Photo 360\u00b0 de l'environnement avec <b>un drone<\/b><\/h2>\t\t\t\t<\/div>\n\t\t\t\t<\/div>\n\t\t\t\t\t<\/div>\n\t\t\t\t<\/div>\n\t\t<div class=\"elementor-element elementor-element-c4a8b5f e-flex e-con-boxed e-con e-parent\" data-id=\"c4a8b5f\" data-element_type=\"container\">\n\t\t\t\t\t<div class=\"e-con-inner\">\n\t\t\t\t<div class=\"elementor-element elementor-element-665add1 elementor-widget elementor-widget-text-editor\" data-id=\"665add1\" data-element_type=\"widget\" data-widget_type=\"text-editor.default\">\n\t\t\t\t<div class=\"elementor-widget-container\">\n\t\t\t\t\t\t\t\t\t<p>A l&rsquo;aide du drone \u00e0 <span style=\"color: #808000;\">quelque dizaines de m\u00e8tres<\/span> de hauteur il est possible de montrer que la maison est isol\u00e9e des voisins. <br \/>En <span style=\"color: #ff0000;\">cliquant sur l&rsquo;image ci-dessous<\/span> il est possible de voir l&rsquo;environnement \u00e0 360\u00b0 en choisissant l&rsquo;angle de vue.<\/p>\t\t\t\t\t\t\t\t<\/div>\n\t\t\t\t<\/div>\n\t\t\t\t\t<\/div>\n\t\t\t\t<\/div>\n\t\t<div class=\"elementor-element elementor-element-aac5fca e-flex e-con-boxed e-con e-parent\" data-id=\"aac5fca\" data-element_type=\"container\">\n\t\t\t\t\t<div class=\"e-con-inner\">\n\t\t\t\t<div class=\"elementor-element elementor-element-019819e elementor-widget elementor-widget-shortcode\" data-id=\"019819e\" data-element_type=\"widget\" data-widget_type=\"shortcode.default\">\n\t\t\t\t<div class=\"elementor-widget-container\">\n\t\t\t\t\t\t\t<div class=\"elementor-shortcode\">\r\n    \r\n    \r\n    <div id=\"bppiv_panorama1769\" class=\"bppiv_panorama\" data-settings='{&quot;bppiv_type&quot;:&quot;image360&quot;,&quot;bppiv_image_src&quot;:{&quot;url&quot;:&quot;&quot;,&quot;id&quot;:&quot;&quot;,&quot;width&quot;:&quot;&quot;,&quot;height&quot;:&quot;&quot;,&quot;thumbnail&quot;:&quot;&quot;,&quot;alt&quot;:&quot;&quot;,&quot;title&quot;:&quot;&quot;,&quot;description&quot;:&quot;&quot;},&quot;image_src_360&quot;:&quot;https:\\\/\\\/atoutdroneidf.com\\\/WP_elementor\\\/wp-content\\\/uploads\\\/2024\\\/01\\\/WM_sphere_360-scaled.jpg&quot;,&quot;bppiv_video_src&quot;:{&quot;url&quot;:&quot;&quot;,&quot;id&quot;:&quot;&quot;,&quot;width&quot;:&quot;&quot;,&quot;height&quot;:&quot;&quot;,&quot;thumbnail&quot;:&quot;&quot;,&quot;alt&quot;:&quot;&quot;,&quot;title&quot;:&quot;&quot;,&quot;description&quot;:&quot;&quot;},&quot;bppiv_pan_gallery&quot;:&quot;&quot;,&quot;bppiv_gallery_limit&quot;:&quot;6&quot;,&quot;loadMore_btn_text&quot;:&quot;Load More&quot;,&quot;loadMore_text_color&quot;:&quot;#fff&quot;,&quot;loadMore_btn_bg&quot;:&quot;#000&quot;,&quot;loadMore_hover_bg&quot;:&quot;#222&quot;,&quot;bppiv_pano_id&quot;:&quot;JmSoPsBPhqWvaBmOqfFzgA&quot;,&quot;bppiv_image_width&quot;:{&quot;width&quot;:&quot;100&quot;,&quot;unit&quot;:&quot;%&quot;},&quot;bppiv_image_height&quot;:{&quot;height&quot;:&quot;720&quot;,&quot;unit&quot;:&quot;px&quot;},&quot;bppiv_auto_rotate&quot;:&quot;1&quot;,&quot;bppiv_speed&quot;:&quot;2&quot;,&quot;control_show_hide&quot;:&quot;&quot;,&quot;initial_view&quot;:&quot;&quot;,&quot;initial_view_property&quot;:{&quot;top&quot;:&quot;2.3&quot;,&quot;right&quot;:&quot;-360.4&quot;,&quot;bottom&quot;:&quot;120&quot;},&quot;custom_control&quot;:&quot;&quot;,&quot;bppiv_auto_load&quot;:&quot;1&quot;,&quot;draggable_360&quot;:&quot;1&quot;,&quot;compass_360&quot;:&quot;&quot;,&quot;bppiv_auto_play&quot;:&quot;1&quot;,&quot;bppiv_video_mute&quot;:&quot;1&quot;,&quot;bppiv_video_loop&quot;:&quot;1&quot;,&quot;control_show_hide_video&quot;:&quot;&quot;,&quot;title_author&quot;:&quot;1&quot;,&quot;title_360&quot;:&quot;360\\u00b0 Panorama&quot;,&quot;author_360&quot;:&quot;&lt;a href=\\&quot;https:\\\/\\\/bplugins.com\\\/\\&quot;&gt;bPlugins&lt;\\\/a&gt;&quot;,&quot;tour_360&quot;:&quot;&quot;}'>\r\n\r\n    <\/div>\r\n\r\n    \r\n    <style>\r\n        #bppiv_panorama1769{\r\n            width: 100%;\r\n            height: 720px;\r\n        }\r\n    <\/style>\r\n\r\n    <\/div>\n\t\t\t\t\t\t<\/div>\n\t\t\t\t<\/div>\n\t\t\t\t\t<\/div>\n\t\t\t\t<\/div>\n\t\t\t\t<\/div>\n\t\t","protected":false},"excerpt":{"rendered":"<p>Les prises de vue 360\u00b0 en photo et en vid\u00e9o pr\u00e9sentent un grand int\u00e9r\u00eat pour la mise en valeur de biens immobiliers et permettent : d&rsquo;offrir une vue 3D\u00a0 \u00e0 hauteur du regard sur l&rsquo;environnement qui sera visible depuis une fen\u00eatre ou une porte de la maison , ou encore une terrasse , ce que [&hellip;]<\/p>\n","protected":false},"author":1,"featured_media":0,"parent":0,"menu_order":0,"comment_status":"closed","ping_status":"closed","template":"","meta":{"_seopress_robots_primary_cat":"","_seopress_titles_title":"Prises de vue 360\u00b0 permettant de visualiser l'environnement du bien","_seopress_titles_desc":"","_seopress_robots_index":"","footnotes":""},"blocksy_meta":[],"_links":{"self":[{"href":"https:\/\/atoutdroneidf.com\/WP_elementor\/wp-json\/wp\/v2\/pages\/1681"}],"collection":[{"href":"https:\/\/atoutdroneidf.com\/WP_elementor\/wp-json\/wp\/v2\/pages"}],"about":[{"href":"https:\/\/atoutdroneidf.com\/WP_elementor\/wp-json\/wp\/v2\/types\/page"}],"author":[{"embeddable":true,"href":"https:\/\/atoutdroneidf.com\/WP_elementor\/wp-json\/wp\/v2\/users\/1"}],"replies":[{"embeddable":true,"href":"https:\/\/atoutdroneidf.com\/WP_elementor\/wp-json\/wp\/v2\/comments?post=1681"}],"version-history":[{"count":143,"href":"https:\/\/atoutdroneidf.com\/WP_elementor\/wp-json\/wp\/v2\/pages\/1681\/revisions"}],"predecessor-version":[{"id":2823,"href":"https:\/\/atoutdroneidf.com\/WP_elementor\/wp-json\/wp\/v2\/pages\/1681\/revisions\/2823"}],"wp:attachment":[{"href":"https:\/\/atoutdroneidf.com\/WP_elementor\/wp-json\/wp\/v2\/media?parent=1681"}],"curies":[{"name":"wp","href":"https:\/\/api.w.org\/{rel}","templated":true}]}}